{"id":88,"date":"2013-10-03T17:49:38","date_gmt":"2013-10-03T15:49:38","guid":{"rendered":"https:\/\/fili.fi\/finnlandcool\/?page_id=88"},"modified":"2014-09-11T09:18:06","modified_gmt":"2014-09-11T07:18:06","slug":"finnland-logo","status":"publish","type":"page","link":"https:\/\/finnlandcool.fi\/de\/finnland-media\/finnland-logo\/","title":{"rendered":"Finnland. Logo."},"content":{"rendered":"<p>Das finnische Logo f\u00fcr den Auftritt als Gastland auf der Frankfurter Buchmesse 2014 ist von allen finnischen Verlagen sowie den Kooperationspartnern des Projekts frei nutzbar. Es darf gerne im Zusammenhang mit dem Projekt verwendet werden und kann frei in seinen verschiedenen Formen von dieser Seite heruntergeladen werden.<\/p>\n<p>Auf dem Logo des Gastlandprojekts wird\u00a0 in finnischer, schwedischer, englischer und deutscher Sprache mit dem Alphabet gespielt. Innerhalb von zwei Jahren werden unterschiedliche Logotexte ver\u00f6ffentlicht, in denen neben dem Slogan FINNLAND. COOL. W\u00f6rter \u00fcber unter anderem das Finnischsein, die finnische Sprache und die finnische Kultur sowie die Strategie des Gastlandauftritts vorgestellt werden \u2013 aber auch andere ansprechende und mitrei\u00dfende W\u00f6rter. Das Konzept der visuellen Planung beruht auf dem Gedanken, dass Finnland viel mehr ist als COOL. Das Logo wird in FILIs Pressearbeit seit September 2012 bei allen Druckerzeugnissen sowie in den Pressematerialien verwendet.<\/p>\n<p>2012 wurde zum Beispiel ein Lesezeichen mit zur Frankfurter Buchmesse genommen, auf dem die erste gesamte Alphabetgeschichte von a bis \u00f6 (z) zu sehen ist. Weitere Alphabetgeschichten auf Lesezeichen und verschiedene Variationen des Logos werden in regelm\u00e4\u00dfigen Abst\u00e4nden im Vorlauf zum Gastauftritt 2014 ver\u00f6ffentlicht. Auch die Farbenwelt vervollst\u00e4ndigt sich, die ersten Zusatzfarben werden im Herbst 2013 vorgestellt.<\/p>\n<p>Das Logo haben Studenten des Studiengangs Graphische Gestaltung der Fakult\u00e4t f\u00fcr K\u00fcnste und Design der Aalto-Universit\u00e4t entworfen: Jinhee Kim, Anssi \u00a0Kokkonen und Tommi Leskinen.<\/p>\n<p>Aus vier Alternativen kann je nach Bedarf das gew\u00fcnschte Logo ausgew\u00e4hlt werden.<\/p>\n<p>Die Versionen des Logos sind:<\/p>\n<ul>\n<li>Ein dreizeiliges Logo in englischer Sprache.<\/li>\n<li>Ein dreizeiliges Logo in deutscher Sprache.<\/li>\n<li>Ein sechszeiliges Alphabetlogo mit Informationen zum Gastlandauftritt in englischer Sprache.<\/li>\n<li>Ein sechszeiliges Alphabetlogo mit Informationen zum Gastlandauftritt in deutscher Sprache.<\/li>\n<\/ul>\n<h2>Kriterien<\/h2>\n<p>Es ist stets die offizielle Version des Logos zu verwenden, die von dieser Seite heruntergeladen werden kann. Das Logo kann in der \u00a0eigenen Au\u00dfenkommunikation, im Marketing und als Teil von Ver\u00f6ffentlichungen verwendet werden, auch neben einem eigenen Logo.<\/p>\n<p>Das Logo darf nur in Farbe verwendet werden. Die Farben sind rot und grau.<\/p>\n<p>Es wird nicht empfohlen, das Logo vor farbigem Hintergrund zu verwenden.<\/p>\n<p>Die sechszeilige Version des Logos darf nicht in zu kleiner Gr\u00f6\u00dfe verwendet werden. Die Minimalh\u00f6he ist 2,5cm oder 120px. Die Minimalh\u00f6he des dreizeiligen Logos betr\u00e4gt 1cm oder 80px.<\/p>\n<p>Auf Internetseiten muss die RGB-Version verwendet werden.<\/p>\n<p>Beispiele und detaillierte Farbbestimmungen sind hier zu finden; mehr Informationen sind von FILIs Pressesprecherin zu erhalten.<\/p>\n<h2>Dreizeiliges Logo in deutscher Sprache:<\/h2>\n<p><img loading=\"lazy\" decoding=\"async\" src=\"https:\/\/fili.fi\/finnlandcool\/wp-content\/uploads\/2013\/10\/cool-de.png\" alt=\"cool-de\" width=\"284\" height=\"109\" \/><\/p>\n<p>Druckversion:\u00a0<a href=\"http:\/\/neba.finlit.fi\/fili\/frankfurt2014\/wordpress\/wp-content\/uploads\/2012\/09\/fc-logo-3-lines-outline-cmyk-german.pdf\" target=\"_blank\">CMYK Version (pdf)<\/a>\u00a0\/\u00a0<a href=\"http:\/\/neba.finlit.fi\/fili\/frankfurt2014\/wordpress\/wp-content\/uploads\/2012\/09\/fc-logo-3-lines-outline-pantone-german.pdf\" target=\"_blank\">Pantone Version (pdf)<\/a><\/p>\n<h2>Dreizeiliges Logo in englischer Sprache:<\/h2>\n<p><a href=\"https:\/\/fili.fi\/finnlandcool\/wp-content\/uploads\/2013\/09\/fc-logo-3-lines-outline-rgb-english.jpg\"><img loading=\"lazy\" decoding=\"async\" src=\"https:\/\/fili.fi\/finnlandcool\/wp-content\/uploads\/2013\/09\/fc-logo-3-lines-outline-rgb-english.jpg\" alt=\"fc logo 3 lines outline rgb english\" width=\"284\" height=\"110\" \/><\/a><\/p>\n<p>Druckversion:<a href=\"http:\/\/neba.finlit.fi\/fili\/frankfurt2014\/wordpress\/wp-content\/uploads\/2012\/09\/fc-logo-3-lines-outline-cmyk-english.pdf\" target=\"_blank\"> CMYK-Version (pdf)<\/a> \/\u00a0<a href=\"http:\/\/neba.finlit.fi\/fili\/frankfurt2014\/wordpress\/wp-content\/uploads\/2012\/09\/fc-logo-3-lines-outline-pantone-english.pdf\" target=\"_blank\">Pantone-Version (pdf)<br \/>\n<\/a>RGB-Versionen f\u00fcr das Internet: <a href=\"http:\/\/neba.finlit.fi\/fili\/frankfurt2014\/wordpress\/wp-content\/uploads\/2012\/09\/fc-logo-3-lines-outline-rgb-english.pdf\" target=\"_blank\">PDF-Version<\/a> \/\u00a0<a href=\"http:\/\/neba.finlit.fi\/fili\/frankfurt2014\/wordpress\/wp-content\/uploads\/2012\/09\/fc-logo-6-lines-outline-rgb-english-1.jpg\" target=\"_blank\">JPG-Version<\/a> (klein)<\/p>\n<h2>Sechszeiliges Alphabetlogo mit Informationen zum Gastland in deutscher Sprache:<\/h2>\n<h3><img loading=\"lazy\" decoding=\"async\" src=\"https:\/\/fili.fi\/finnlandcool\/wp-content\/uploads\/2013\/10\/cool-de-6.png\" alt=\"cool-de-6\" width=\"284\" height=\"173\" \/><\/h3>\n<p>Druckversion:\u00a0<a href=\"http:\/\/neba.finlit.fi\/fili\/frankfurt2014\/wordpress\/wp-content\/uploads\/2012\/09\/fc-logo-6-lines-outline-cmyk-german-1.pdf\" target=\"_blank\">CMYK Version (pdf)<\/a>\u00a0\/\u00a0<a href=\"http:\/\/neba.finlit.fi\/fili\/frankfurt2014\/wordpress\/wp-content\/uploads\/2012\/09\/fc-logo-6-lines-outline-pantone-german-1.pdf\" target=\"_blank\">Pantone Version (pdf)<\/a><br \/>\nRGB-Versionen f\u00fcr das Internet:<a href=\"http:\/\/neba.finlit.fi\/fili\/frankfurt2014\/wordpress\/wp-content\/uploads\/2012\/09\/fc-logo-6-lines-outline-rgb-german-1.pdf\" target=\"_blank\">\u00a0PDF Version<\/a>\u00a0\/\u00a0<a href=\"http:\/\/neba.finlit.fi\/fili\/frankfurt2014\/wordpress\/wp-content\/uploads\/2012\/09\/fc-logo-6-lines-outline-rgb-german-1.jpg\" target=\"_blank\">JPG Version<\/a><\/p>\n<h2>Sechszeiliges Alphabetlogo mit Informationen zum Gastland in englischer Sprache:<\/h2>\n<p><a href=\"https:\/\/fili.fi\/finnlandcool\/wp-content\/uploads\/2013\/09\/fc-logo-6-lines-outline-rgb-english-1.jpg\"><img loading=\"lazy\" decoding=\"async\" src=\"https:\/\/fili.fi\/finnlandcool\/wp-content\/uploads\/2013\/09\/fc-logo-6-lines-outline-rgb-english-1.jpg\" alt=\"fc logo 6 lines outline rgb english 1\" width=\"284\" height=\"174\" \/><\/a><\/p>\n<p>Druckversion:<a href=\"http:\/\/neba.finlit.fi\/fili\/frankfurt2014\/wordpress\/wp-content\/uploads\/2012\/09\/fc-logo-6-lines-outline-cmyk-english-1.pdf\" target=\"_blank\">CMYK-Version (pdf<\/a>) \/<a href=\"http:\/\/neba.finlit.fi\/fili\/frankfurt2014\/wordpress\/wp-content\/uploads\/2012\/09\/fc-logo-6-lines-outline-pantone-english-1.pdf\" target=\"_blank\">Pantone Version (pdf)<br \/>\n<\/a>RGB-Versionen f\u00fcr das Internet: <a href=\"http:\/\/neba.finlit.fi\/fili\/frankfurt2014\/wordpress\/wp-content\/uploads\/2012\/09\/fc-logo-6-lines-outline-rgb-english-1.pdf\" target=\"_blank\">PDF-Version<\/a> \/<a href=\"http:\/\/neba.finlit.fi\/fili\/frankfurt2014\/wordpress\/wp-content\/uploads\/2012\/09\/fc-logo-6-lines-outline-rgb-english-1.jpg\" target=\"_blank\">JPG-Version<\/a> (klein)<\/p>\n","protected":false},"excerpt":{"rendered":"<p>Das finnische Logo f\u00fcr den Auftritt als Gastland auf der Frankfurter Buchmesse 2014 ist von allen finnischen Verlagen sowie den Kooperationspartnern des Projekts frei nutzbar. Es darf gerne im Zusammenhang [&hellip;]<\/p>\n","protected":false},"author":1,"featured_media":0,"parent":49,"menu_order":0,"comment_status":"open","ping_status":"open","template":"","meta":{"_acf_changed":false,"footnotes":""},"class_list":["post-88","page","type-page","status-publish","hentry"],"acf":[],"_links":{"self":[{"href":"https:\/\/finnlandcool.fi\/de\/wp-json\/wp\/v2\/pages\/88","targetHints":{"allow":["GET"]}}],"collection":[{"href":"https:\/\/finnlandcool.fi\/de\/wp-json\/wp\/v2\/pages"}],"about":[{"href":"https:\/\/finnlandcool.fi\/de\/wp-json\/wp\/v2\/types\/page"}],"author":[{"embeddable":true,"href":"https:\/\/finnlandcool.fi\/de\/wp-json\/wp\/v2\/users\/1"}],"replies":[{"embeddable":true,"href":"https:\/\/finnlandcool.fi\/de\/wp-json\/wp\/v2\/comments?post=88"}],"version-history":[{"count":5,"href":"https:\/\/finnlandcool.fi\/de\/wp-json\/wp\/v2\/pages\/88\/revisions"}],"predecessor-version":[{"id":2680,"href":"https:\/\/finnlandcool.fi\/de\/wp-json\/wp\/v2\/pages\/88\/revisions\/2680"}],"up":[{"embeddable":true,"href":"https:\/\/finnlandcool.fi\/de\/wp-json\/wp\/v2\/pages\/49"}],"wp:attachment":[{"href":"https:\/\/finnlandcool.fi\/de\/wp-json\/wp\/v2\/media?parent=88"}],"curies":[{"name":"wp","href":"https:\/\/api.w.org\/{rel}","templated":true}]}}