{"id":52,"date":"2013-09-24T11:30:01","date_gmt":"2013-09-24T09:30:01","guid":{"rendered":"https:\/\/fili.fi\/finnlandcool\/finnland-learning-2\/"},"modified":"2014-10-28T15:28:31","modified_gmt":"2014-10-28T12:28:31","slug":"finnland-learning","status":"publish","type":"page","link":"https:\/\/finnlandcool.fi\/de\/finnland-learning\/","title":{"rendered":"Finnland. Bildung."},"content":{"rendered":"<p>Das finnische Bildungssystem baut auf dem Grundsatz auf, dass jedem einzelnen Menschen der gleiche Zugang zu einer qualitativ hochwertigen Bildung und Ausbildung gew\u00e4hrt wird. Dies wird unter anderem dadurch sichergestellt, dass die Bildung f\u00fcr jedermann kostenlos ist und die finnischen Lehrer auf allen Bildungsstufen hoch qualifizierte Fachleute sind. In der Praxis wird die Chancengleichheit auch \u00fcber kostenfreies Lehrmaterial erreicht. In ganz Finnland ist dasselbe Material erh\u00e4ltlich. Die Ziele und die wichtigsten Themen der Schulausbildung sind im nationalen Lehrplan festgelegt. Die Lehrer haben Lehrfreiheit, f\u00fcr sich selbst zu entscheiden, wie sie ihre Unterrichtsstunden gestalten m\u00f6chten und welche Lehrmaterialien sie daf\u00fcr verwenden. Das Genehmigungsverfahren f\u00fcr Lehrmaterialien wurde 1991 abgeschafft. Der offene Wettbewerb garantiert die hohe Qualit\u00e4t der Lehrmaterialien. Au\u00dferdem arbeiten die Schulbeh\u00f6rden st\u00e4ndig eng mit den Verlagen zusammen, damit ein offener und ununterbrochener Informationsfluss hergestellt ist.<\/p>\n<p>Die allgemeine Schulpflicht beginnt im Finnland im Alter von sieben Jahren. In der ersten Klasse erhalten die Kinder ihre eigenen Lesefibeln. Mit diesem Buch lernen sie lesen und festigen ihre Lesef\u00e4higkeiten. Durch die Verwendung dieser Lesefibel lernen die Kinder auch verschiedene Arten von Handschriften kennen.\u00a0In den finnischen Unterrichtsstunden der zweiten Klasse ist ein zweites Lesebuch allgemein in Gebrauch, zu dem es in anderen Kulturen fast nichts Vergleichbares gibt. Sowohl die Lesefibel als auch das Lesebuch zielen auf das \u00dcben und Verfestigen der Lesef\u00e4higkeiten ab. In vielen Schulf\u00e4chern werden zus\u00e4tzlich zu den Textb\u00fcchern Arbeitsb\u00fccher verwendet. In den letzten Jahren wurden zunehmend mehr elektronische \u00dcbungen eingef\u00fchrt. Wie gut sie sich etablieren werden, h\u00e4ngt von den IT-Ger\u00e4ten ab, die den Sch\u00fclern zur Verf\u00fcgung stehen. Die Einf\u00fchrung solcher \u00dcbungen wird durch den hohen Mehrwertsteuersatz verz\u00f6gert, der f\u00fcr elektronische Ger\u00e4te und Ausr\u00fcstungen gilt. F\u00fcr Druckerzeugnisse liegt er bei 10\u00a0%, f\u00fcr elektronische Artikel bei 24\u00a0%.<\/p>\n<p>Die finnischen Lehrmaterialien werden von Bildungsexperten zusammengestellt, die sich leidenschaftlich dem Lehren und Lernen verschrieben haben. Die meisten Autoren schaffen Lehrmaterialien zus\u00e4tzlich zur ihrer eigenen Arbeit als Lehrer. Sie wollen Lehrmaterialien entwickeln, die die Lernergebnisse verbessern, zum Lehren und zum Lernen motivieren und das Genre des Lehrmaterials reformieren.<\/p>\n<p>Unterrichtsmaterialien werden von Arbeitsgruppen zusammengestellt, deren Mitglieder haupts\u00e4chlich als Lehrer t\u00e4tig sind. Der Verlag f\u00fchrt die Produktentwicklung sowohl mit Textbuchautoren als auch mit Lehrern durch. Dadurch wird sichergestellt, dass die neuen Materialien f\u00fcr verschiedene Klassen funktionieren und verschiedene pers\u00f6nliche Lernstile unterst\u00fctzen. Zur Produktfamilie der Lehrmaterialien z\u00e4hlen umfassende Sortimente von Textb\u00fcchern, Arbeitsb\u00fcchern, elektronischen Materialien, Spielen, Anschauungs- und Versuchsmaterialien, die f\u00fcr die Unterrichtsstunden ben\u00f6tigt werden. Die Produktfamilie enth\u00e4lt auch umfassende Bewertungsmaterialien.<\/p>\n<p>Die Finnische Verlagsvereinigung z\u00e4hlt etwa zehn Verlagsh\u00e4user zu ihren Mitgliedern, die Lehrmaterialien f\u00fcr die verschiedenen Bildungsstufen produzieren. In Finnland besch\u00e4ftigt diese Branche direkt ca. 500 Mitarbeiter f\u00fcr die Produktion und den Vertrieb dieses Lehrmaterials, Dutzende von Fachleuten f\u00fcr die Zusammenstellung und den Druck, sowie Hunderte von Illustratoren, Grafikdesignern, \u00dcbersetzern, Programmierern usw. Rund 2.500 Autoren von Lehrmaterial erhalten j\u00e4hrlich Lizenzgeb\u00fchren.<\/p>\n<p>Mervi Korhonen<br \/>\nVerlagsleiterin Wissenschaften \/ Lernmaterialien<br \/>\nOtava Publishing Company Ltd<br \/>\nLeiterin der Arbeitsgruppe FINNLAND. BILDUNG.<\/p>\n","protected":false},"excerpt":{"rendered":"<p>Das finnische Bildungssystem baut auf dem Grundsatz auf, dass jedem einzelnen Menschen der gleiche Zugang zu einer qualitativ hochwertigen Bildung und Ausbildung gew\u00e4hrt wird. Dies wird unter anderem dadurch sichergestellt, [&hellip;]<\/p>\n","protected":false},"author":1,"featured_media":0,"parent":0,"menu_order":54,"comment_status":"open","ping_status":"closed","template":"","meta":{"_acf_changed":false,"footnotes":""},"class_list":["post-52","page","type-page","status-publish","hentry"],"acf":[],"_links":{"self":[{"href":"https:\/\/finnlandcool.fi\/de\/wp-json\/wp\/v2\/pages\/52","targetHints":{"allow":["GET"]}}],"collection":[{"href":"https:\/\/finnlandcool.fi\/de\/wp-json\/wp\/v2\/pages"}],"about":[{"href":"https:\/\/finnlandcool.fi\/de\/wp-json\/wp\/v2\/types\/page"}],"author":[{"embeddable":true,"href":"https:\/\/finnlandcool.fi\/de\/wp-json\/wp\/v2\/users\/1"}],"replies":[{"embeddable":true,"href":"https:\/\/finnlandcool.fi\/de\/wp-json\/wp\/v2\/comments?post=52"}],"version-history":[{"count":5,"href":"https:\/\/finnlandcool.fi\/de\/wp-json\/wp\/v2\/pages\/52\/revisions"}],"predecessor-version":[{"id":3618,"href":"https:\/\/finnlandcool.fi\/de\/wp-json\/wp\/v2\/pages\/52\/revisions\/3618"}],"wp:attachment":[{"href":"https:\/\/finnlandcool.fi\/de\/wp-json\/wp\/v2\/media?parent=52"}],"curies":[{"name":"wp","href":"https:\/\/api.w.org\/{rel}","templated":true}]}}