{"id":51,"date":"2013-09-24T11:29:43","date_gmt":"2013-09-24T09:29:43","guid":{"rendered":"https:\/\/fili.fi\/finnlandcool\/finnland-authors-2\/"},"modified":"2014-10-28T17:04:06","modified_gmt":"2014-10-28T14:04:06","slug":"finnland-authors","status":"publish","type":"page","link":"https:\/\/finnlandcool.fi\/de\/finnland-authors\/","title":{"rendered":"Finnland. Literatur."},"content":{"rendered":"<ul>\n<li>Zur Frankfurter Buchmesse 2014 erscheinen mehr als 120 finnische, finnlandschwedische und samische B\u00fccher in deutscher \u00dcbersetzung. Dabei sind Neuauflagen und ganz neue \u00dcbersetzungen: Romane, Lyrik, Kinder- und Jugendliteratur, Comics, Sachb\u00fccher und Anthologien. Werfen Sie einen Blick in unsere digitale Broschur <a href=\"https:\/\/fili.fi\/finnlandcool\/wp-content\/uploads\/2013\/09\/Finnland.Buecher.pdf\" target=\"_blank\">FINNLAND. B\u00dcCHER.<\/a>, die auf der Frankfurter Buchmesse gedruckt erh\u00e4ltlich ist!<\/li>\n<\/ul>\n<ul>\n<li>Auf der Buchmesse k\u00f6nnen Sie die Ausstellung &#8222;Books on Finland&#8220; besuchen, die sowohl finnische B\u00fccher als auch B\u00fccher \u00fcber Finnland ausstellt. Die 2013-2014 in Deutschland erschienene B\u00fccher finden Sie auf dieser <a href=\"https:\/\/fili.fi\/finnlandcool\/wp-content\/uploads\/2013\/09\/neuerscheinungen_finnland_august.pdf\" target=\"_blank\">Liste der Neuerscheinungen<\/a>!<\/li>\n<\/ul>\n<ul>\n<li><a href=\"https:\/\/fili.fi\/finnlandcool\/wp-content\/uploads\/2013\/09\/Kompositio_GER.pdf\">Kompositio<\/a>, eine Zusammenarbeit zwischen zehn finnischen Autoren und zwei Regiss\u00f6ren, ist im September und Oktober im deutschsprachigen Europa auf Tour. &#8222;Das grosse Finale&#8220; wird auf der Frankfurter Buchmesse stattfinden.<\/li>\n<\/ul>\n<ul>\n<li>Saisonale finnische Empfehlungen in Form der <a href=\"http:\/\/www.finlit.fi\/fili\/en\/top-10\/\" target=\"_blank\">TOP 10+ -Karten<\/a> sind auf der Homepage von FILI erh\u00e4ltlich.<\/li>\n<\/ul>\n<ul>\n<li>Wer finnlandschwedische Autoren und Literatur kennen lernen will, sollte in <a href=\"http:\/\/www.swedishbookreview.com\/2013-S.php\" target=\"_blank\"> Swedish Book Review<\/a> reinschauen.<\/li>\n<\/ul>\n<ul>\n<li>Die finnlandschwedische Autorin, K\u00fcnstlerin und Sch\u00f6pferin der Mumins, Tove Jansson, w\u00e4re dieses Jahr 100 Jahre alt geworden. Zu diesem Anlass haben ihre deutschen Verlage zusammen <a href=\"http:\/\/www.reprodukt.com\/100-jahre-tove-jansson\/\" target=\"_blank\">einen kleinen Flyer<\/a> erstellt.<\/li>\n<\/ul>\n<ul>\n<li>In der neuen E-Publikation der Helsinki Science Fiction Gesellschaft sind viele interessante <a href=\"http:\/\/www.finnishweird.net\/\" target=\"_blank\">&#8222;Finnish Weird&#8220;<\/a> Schriftsteller vertreten.<\/li>\n<\/ul>\n<ul>\n<li>Man kann einen guten \u00dcberblick \u00fcber die finnische Literatur\u00a0 in den Publikationen von <a href=\"http:\/\/www.booksfromfinland.fi\/\" target=\"_blank\"><em>Books from Finland<\/em><\/a> verschaffen. <em>Books from Finland<\/em> ist eine an die ausl\u00e4ndische Leserschaft gerichtete, englischsprachige Literaturzeitschrift, die in den Jahren 1967\u20132008 in gedruckter Form publiziert wurde. Zu Beginn des Jahres 2009 wurde sie in eine Internetpublikation umgewandelt. Ziel ist es, mit den Mitteln einer guten Literaturzeitschrift eine Auslese der finnischen Literatur zu pr\u00e4sentieren; Klassiker ebenso wie Neuheiten, Belletristik und Sachb\u00fccher. Zudem wird Material angeboten, das den Leser \u00fcber die Gesellschaft informiert, in der die finnische Literatur entsteht. Zielpublikum sind im Literatur- und Buchbereich T\u00e4tige, Verleger, Journalisten, Forscher, \u00dcbersetzer, Studenten, Universit\u00e4ten, im Ausland lebende Finnen sowie alle, die ein allgemeines Interesse an Finnland und seiner Literatur haben.<\/li>\n<\/ul>\n<p>&nbsp;<\/p>\n","protected":false},"excerpt":{"rendered":"<p>Zur Frankfurter Buchmesse 2014 erscheinen mehr als 120 finnische, finnlandschwedische und samische B\u00fccher in deutscher \u00dcbersetzung. Dabei sind Neuauflagen und ganz neue \u00dcbersetzungen: Romane, Lyrik, Kinder- und Jugendliteratur, Comics, Sachb\u00fccher [&hellip;]<\/p>\n","protected":false},"author":1,"featured_media":0,"parent":0,"menu_order":52,"comment_status":"open","ping_status":"closed","template":"","meta":{"_acf_changed":false,"footnotes":""},"class_list":["post-51","page","type-page","status-publish","hentry"],"acf":[],"_links":{"self":[{"href":"https:\/\/finnlandcool.fi\/de\/wp-json\/wp\/v2\/pages\/51","targetHints":{"allow":["GET"]}}],"collection":[{"href":"https:\/\/finnlandcool.fi\/de\/wp-json\/wp\/v2\/pages"}],"about":[{"href":"https:\/\/finnlandcool.fi\/de\/wp-json\/wp\/v2\/types\/page"}],"author":[{"embeddable":true,"href":"https:\/\/finnlandcool.fi\/de\/wp-json\/wp\/v2\/users\/1"}],"replies":[{"embeddable":true,"href":"https:\/\/finnlandcool.fi\/de\/wp-json\/wp\/v2\/comments?post=51"}],"version-history":[{"count":5,"href":"https:\/\/finnlandcool.fi\/de\/wp-json\/wp\/v2\/pages\/51\/revisions"}],"predecessor-version":[{"id":3439,"href":"https:\/\/finnlandcool.fi\/de\/wp-json\/wp\/v2\/pages\/51\/revisions\/3439"}],"wp:attachment":[{"href":"https:\/\/finnlandcool.fi\/de\/wp-json\/wp\/v2\/media?parent=51"}],"curies":[{"name":"wp","href":"https:\/\/api.w.org\/{rel}","templated":true}]}}