{"id":50,"date":"2013-09-24T11:29:22","date_gmt":"2013-09-24T09:29:22","guid":{"rendered":"https:\/\/fili.fi\/finnlandcool\/finnland-programme-2\/"},"modified":"2014-10-28T17:04:06","modified_gmt":"2014-10-28T14:04:06","slug":"finnland-programme","status":"publish","type":"page","link":"https:\/\/finnlandcool.fi\/de\/finnland-programme\/","title":{"rendered":"Finnland. Programm."},"content":{"rendered":"<p>Finnland. Cool. und die finnische Kultur eroberten im Jahr 2014 Frankfurt und das deutschsprachige Europa. Das Projekt erreichte seinen H\u00f6hepunkt auf der Frankfurter Buchmesse vom 8.-12. Oktober und wurde einer der erfolgreichsten Gastlandauftritte aller Zeiten. Insgesamt gab es mehr als 500 finnlandbezogene Veranstaltungen, Lesungen, Ausstellungen und allerlei kulturelle Projekte: Einige der <a title=\"FINNLAND. KULTURPROGRAMM.\" href=\"http:\/\/finnlandcool.fi\/?page_id=1447&amp;lang=de\">Ausstellungen<\/a> kann man noch bis Januar 2015 besuchen und auch <a title=\"Finnland. Literaturprogramm.\" href=\"http:\/\/finnlandcool.fi\/?page_id=4586&amp;lang=de\">Lesungen<\/a> finnischer Autoren finden weiterhin in Deutschland statt.<\/p>\n<p>Diese Internetseite ist ein digitales Sammelbuch und Archiv, wo Sie mehr \u00fcber die vielf\u00e4ltigen, in 2014 stattgefundenen Finnland. Cool. \u2013Projekte lesen k\u00f6nnen. Wenn Sie Mitveranstalterin bzw. Mitveranstalter sind, und uns einen Bericht \u00fcber Ihr Projekt (z. B. Fotos, einen kurzen Text, Links zu Zeitungsartikeln oder Blogs) zusenden m\u00f6chten, ver\u00f6ffentlichen wir ihn sehr gerne auf dieser Seite.<\/p>\n<h3><strong>Finnland. \u00dcbersicht.<\/strong><\/h3>\n<p>Hier finden Sie eine Liste aller literarischen Finnland. Cool. -Veranstaltungen, -Festivals und -Lesungen, die im gesamten Jahr stattgefunden haben: <a title=\"Finnland. Literaturprogramm.\" href=\"http:\/\/finnlandcool.fi\/?page_id=4586&amp;lang=de\">Das coole Literaturprogramm<\/a>.<\/p>\n<p>Zus\u00e4tzlich zu dem Literaturprogramm bot Finnland. Cool. eine vielf\u00e4ltige Auswahl an Ausstellungen und anderen Kulturveranstaltungen in und um Frankfurt. Werfen Sie einen Blick ins <a title=\"FINNLAND. KULTURPROGRAMM.\" href=\"http:\/\/finnlandcool.fi\/?page_id=1447&amp;lang=de\">Finnland. Kulturprogramm<\/a>, das auch als\u00a0<a href=\"https:\/\/fili.fi\/finnlandcool\/wp-content\/uploads\/2014\/06\/Finnland.Cultureprogramm.pdf\">digitale Brosch\u00fcre<\/a> erh\u00e4ltlich ist.<\/p>\n<h4><strong>Brosch\u00fcren<\/strong><\/h4>\n<p><a href=\"https:\/\/fili.fi\/finnlandcool\/wp-content\/uploads\/2013\/09\/Finnland.Messeprogramm.pdf\" target=\"_blank\"> <img loading=\"lazy\" decoding=\"async\" class=\"\" src=\"https:\/\/fili.fi\/finnlandcool\/wp-content\/uploads\/2014\/09\/FinnlandProgrammICON-300x429.jpg\" alt=\"FinnlandProgrammICON\" width=\"105\" height=\"150\" \/><\/a><a href=\"https:\/\/fili.fi\/finnlandcool\/wp-content\/uploads\/2013\/09\/Finnland.Everywhere.pdf\" target=\"_blank\"><img loading=\"lazy\" decoding=\"async\" class=\"\" src=\"https:\/\/fili.fi\/finnlandcool\/wp-content\/uploads\/2014\/09\/FinnlandMapICON-300x209.jpg\" alt=\"FinnlandMapICON\" width=\"216\" height=\"150\" \/><\/a><a href=\"https:\/\/fili.fi\/finnlandcool\/wp-content\/uploads\/2014\/06\/Finnland.Cultureprogramm.pdf\" target=\"_blank\"><img loading=\"lazy\" decoding=\"async\" class=\"\" src=\"https:\/\/fili.fi\/finnlandcool\/wp-content\/uploads\/2014\/09\/FinnlandKulturICON-300x427.jpg\" alt=\"FinnlandKulturICON\" width=\"106\" height=\"150\" \/><\/a><a href=\"https:\/\/fili.fi\/finnlandcool\/wp-content\/uploads\/2013\/09\/Finnland.Buecher.pdf\" target=\"_blank\"><img loading=\"lazy\" decoding=\"async\" class=\"\" src=\"https:\/\/fili.fi\/finnlandcool\/wp-content\/uploads\/2014\/09\/FinnlandBuecherICON-300x428.jpg\" alt=\"FinnlandBuecherICON\" width=\"105\" height=\"150\" \/><\/a><\/p>\n<p>Wie sah das Messeprogramm in Frankfurt vom 8.-12. Oktober aus? Dies k\u00f6nnen Sie unserer E-Brosch\u00fcre\u00a0<a href=\"https:\/\/fili.fi\/finnlandcool\/wp-content\/uploads\/2013\/09\/Finnland.Messeprogramm.pdf\">Finnland. Programm<\/a>. entnehmen!<\/p>\n<p>Die Lesungen auf der Messe sowie anderswo im deutschsprachigen Europa finden Sie in unserem archivierten<a href=\"http:\/\/finnlandcool.fi\/?post_type=event&amp;lang=de\"> Kalender der Lesungen und Autorengespr\u00e4che<\/a>.<\/p>\n<p>Aber wo waren die Finnen auf der Buchmesse zu finden? Nat\u00fcrlich \u00fcberall: <a href=\"https:\/\/fili.fi\/finnlandcool\/wp-content\/uploads\/2013\/09\/Finnland.Everywhere.pdf\">Finnland. Everywhere<\/a>.<\/p>\n<p>Mehr als 130 finnische B\u00fccher erschienen auf Deutsch 2014. Wer was Neues lesen will, wird sicher unter\u00a0<a href=\"https:\/\/fili.fi\/finnlandcool\/wp-content\/uploads\/2013\/09\/Finnland.Buecher.pdf\">Finnland. B\u00fccher<\/a>. f\u00fcndig.<\/p>\n<h3>Fotos<\/h3>\n<p>Wie sah das Ganze aus? <a href=\"http:\/\/finnlandcool.fi\/?page_id=4600&amp;lang=de\" target=\"_blank\">Hier<\/a> finden Sie Fotos von jedem Messetag.<\/p>\n<p>&nbsp;<\/p>\n<div style=\"width: 330px\" class=\"wp-caption alignnone\"><a href=\"http:\/\/finnlandcool.fi\/?page_id=4600&amp;lang=de\" target=\"_blank\"><img loading=\"lazy\" decoding=\"async\" src=\"https:\/\/fili.fi\/finnlandcool\/wp-content\/uploads\/2014\/10\/FinnCool_mg_9330_KMNyman-300x200.jpg\" alt=\"Finnland. Cool. pavilion  (\u00a9 FILI \/ Katja Maria Nyman)\" width=\"320\" height=\"213\" \/><\/a><p class=\"wp-caption-text\">FINNLAND. FOTOS.<\/p><\/div>\n<p>&nbsp;<\/p>\n<h3><span style=\"color: #ffffff;\">\u00a0<\/span><\/h3>\n<p><iframe loading=\"lazy\" width=\"750\" height=\"422\" src=\"http:\/\/www.youtube.com\/embed\/_8Nk7r6jPjA?feature=oembed\" frameborder=\"0\" allowfullscreen><\/iframe><\/p>\n<p>Eine kurze Video von der Gastrollen\u00fcbergabe am Sonntag 12. Oktober.<\/p>\n<h3><strong>Finnland. Auswertung.<\/strong><\/h3>\n<p>Bitte senden Sie Ihre Berichte an <a href=\"mailto:finnland.cool@finlit.fi\">finnland.cool@finlit.fi<\/a> \u2013 und vergessen Sie nicht, die wichtigen Details zu erw\u00e4hnen. Wir wollen wissen, wo und wann, wie und wer, was und warum! Wir k\u00f6nnen beispielsweise auch PDF-Dateien auf diese Seite verlinken.<\/p>\n<p>Folgende Veranstaltungen sind alphabetisch geordnet.<\/p>\n<ul>\n<li>Berleburger Literaturpflaster<\/li>\n<li>Brains on Art<\/li>\n<li>BY<\/li>\n<li><a title=\"Design Forum Finland\" href=\"http:\/\/www.designforum.fi\/projektit_palvelut\/finnland_design\" target=\"_blank\">Design Forum Finland<\/a><\/li>\n<li>Exhibition Burka by Rosa Liksom<\/li>\n<li>Harbourfront Literaturfestival<\/li>\n<li>IC-98: Recollected Memories<\/li>\n<li><a href=\"http:\/\/kompositiotour.blogspot.fi\/p\/what-is-kompositio.html\">Kompositio <\/a><\/li>\n<li>Literarisches Colloquium Berlin<\/li>\n<li>Literaturherbst G\u00f6ttingen<\/li>\n<li><a href=\"http:\/\/www.literaturtagezofingen.ch\/index.php?id=1095\">Literaturtage Zofingen<\/a><\/li>\n<li>Long Night of the Finnish Literature, Cologne<\/li>\n<li><a title=\"Metatext\" href=\"http:\/\/finnlandcool.fi\/?p=3595\" target=\"_blank\">Metatext<\/a><\/li>\n<li>Mord am Hellweg<\/li>\n<li>Sauna Poetry Tour<\/li>\n<li>Schamrock Festival, Munich<\/li>\n<li>Schiffsholz f\u00fcr den S\u00e4nger<\/li>\n<li><a href=\"https:\/\/fili.fi\/finnlandcool\/wp-content\/uploads\/2013\/09\/Vaellus.pdf\">Vaellus \u2013 Auf der Wanderung <\/a><\/li>\n<li>Wiesbaden CrimeNight<\/li>\n<\/ul>\n<p>&nbsp;<\/p>\n","protected":false},"excerpt":{"rendered":"<p>Finnland. Cool. und die finnische Kultur eroberten im Jahr 2014 Frankfurt und das deutschsprachige Europa. Das Projekt erreichte seinen H\u00f6hepunkt auf der Frankfurter Buchmesse vom 8.-12. Oktober und wurde einer [&hellip;]<\/p>\n","protected":false},"author":1,"featured_media":0,"parent":0,"menu_order":49,"comment_status":"open","ping_status":"closed","template":"","meta":{"_acf_changed":false,"footnotes":""},"class_list":["post-50","page","type-page","status-publish","hentry"],"acf":[],"_links":{"self":[{"href":"https:\/\/finnlandcool.fi\/de\/wp-json\/wp\/v2\/pages\/50","targetHints":{"allow":["GET"]}}],"collection":[{"href":"https:\/\/finnlandcool.fi\/de\/wp-json\/wp\/v2\/pages"}],"about":[{"href":"https:\/\/finnlandcool.fi\/de\/wp-json\/wp\/v2\/types\/page"}],"author":[{"embeddable":true,"href":"https:\/\/finnlandcool.fi\/de\/wp-json\/wp\/v2\/users\/1"}],"replies":[{"embeddable":true,"href":"https:\/\/finnlandcool.fi\/de\/wp-json\/wp\/v2\/comments?post=50"}],"version-history":[{"count":5,"href":"https:\/\/finnlandcool.fi\/de\/wp-json\/wp\/v2\/pages\/50\/revisions"}],"predecessor-version":[{"id":4609,"href":"https:\/\/finnlandcool.fi\/de\/wp-json\/wp\/v2\/pages\/50\/revisions\/4609"}],"wp:attachment":[{"href":"https:\/\/finnlandcool.fi\/de\/wp-json\/wp\/v2\/media?parent=50"}],"curies":[{"name":"wp","href":"https:\/\/api.w.org\/{rel}","templated":true}]}}