{"id":49,"date":"2013-09-24T11:28:25","date_gmt":"2013-09-24T09:28:25","guid":{"rendered":"https:\/\/fili.fi\/finnlandcool\/finnland-media-2\/"},"modified":"2014-10-28T17:04:06","modified_gmt":"2014-10-28T14:04:06","slug":"finnland-media","status":"publish","type":"page","link":"https:\/\/finnlandcool.fi\/de\/finnland-media\/","title":{"rendered":"Finnland. Pressebereich."},"content":{"rendered":"<h2>Kontakt<\/h2>\n<p>Unsere Pressebeziehungen im Ausland pflegt WBCO (W\u00f6llstein Business Communications).<\/p>\n<p><strong>Frank W\u00f6llstein<\/strong><br \/>\nWBCO GmbH<br \/>\nKr\u00f6gerstra\u00dfe 2<br \/>\nD-60313 Frankfurt am Main<\/p>\n<p>Telefon: +49.69.13 38 80 30<br \/>\nFax: +49.69.13 38 80 33<br \/>\nE-Mail: <a href=\"mailto:f.woellstein@wbco.de\">f.woellstein@wbco.de<\/a><\/p>\n<p>F\u00fcr\u00a0 die finnischen Medien\u00a0 ist FILIs Leiterin f\u00fcr Kommunikation und Marketing <strong>Silja Hakulinen<\/strong> zust\u00e4ndig,<br \/>\n<a href=\"mailto:silja.hakulinen@finlit.fi\">silja.hakulinen@finlit.fi<\/a>, Tel. +358 40\u00a0534 7526<\/p>\n<h2>Brosch\u00fcren<\/h2>\n<p>Auf der Suche nach dem Finnland. Cool. Messeprogramm? Oder nach einer Karte mit allen Finnland. Cool. -Veranstaltungsorten auf der Messe? Vielleicht m\u00f6chten Sie einen finnischen Film sehen oder eine Ausstellung von finnischen K\u00fcnstlern in Frankfurt besuchen? Oder die finnischen Neuerscheinungen dieses Jahres\u00a0 kennenlernen?<\/p>\n<p>Hier finden Sie alle Finnland. Cool. Brosch\u00fcren als PDFs. An das Bild klicken und online lesen oder die Datei herunterladen.<\/p>\n<p><a href=\"https:\/\/fili.fi\/finnlandcool\/wp-content\/uploads\/2013\/09\/Finnland.Messeprogramm.pdf\" target=\"_blank\"><img loading=\"lazy\" decoding=\"async\" src=\"https:\/\/fili.fi\/finnlandcool\/wp-content\/uploads\/2014\/09\/FinnlandProgrammICON-300x429.jpg\" alt=\"FinnlandProgrammICON\" width=\"153\" height=\"219\" \/><\/a><a href=\"https:\/\/fili.fi\/finnlandcool\/wp-content\/uploads\/2013\/09\/Finnland.Everywhere.pdf\" target=\"_blank\"><img loading=\"lazy\" decoding=\"async\" src=\"https:\/\/fili.fi\/finnlandcool\/wp-content\/uploads\/2014\/09\/FinnlandMapICON-300x209.jpg\" alt=\"FinnlandMapICON\" width=\"194\" height=\"135\" \/><\/a><a href=\"https:\/\/fili.fi\/finnlandcool\/wp-content\/uploads\/2014\/06\/Finnland.Cultureprogramm.pdf\" target=\"_blank\"><img loading=\"lazy\" decoding=\"async\" class=\"\" src=\"https:\/\/fili.fi\/finnlandcool\/wp-content\/uploads\/2014\/09\/FinnlandKulturICON-300x427.jpg\" alt=\"FinnlandKulturICON\" width=\"156\" height=\"222\" \/><\/a><a href=\"https:\/\/fili.fi\/finnlandcool\/wp-content\/uploads\/2013\/09\/Finnland.Buecher.pdf\" target=\"_blank\"><img loading=\"lazy\" decoding=\"async\" class=\"\" src=\"https:\/\/fili.fi\/finnlandcool\/wp-content\/uploads\/2014\/09\/FinnlandBuecherICON-300x428.jpg\" alt=\"FinnlandBuecherICON\" width=\"155\" height=\"222\" \/><\/a><\/p>\n","protected":false},"excerpt":{"rendered":"<p>Kontakt Unsere Pressebeziehungen im Ausland pflegt WBCO (W\u00f6llstein Business Communications). Frank W\u00f6llstein WBCO GmbH Kr\u00f6gerstra\u00dfe 2 D-60313 Frankfurt am Main Telefon: +49.69.13 38 80 30 Fax: +49.69.13 38 80 33 [&hellip;]<\/p>\n","protected":false},"author":1,"featured_media":0,"parent":0,"menu_order":47,"comment_status":"open","ping_status":"closed","template":"","meta":{"_acf_changed":false,"footnotes":""},"class_list":["post-49","page","type-page","status-publish","hentry"],"acf":[],"_links":{"self":[{"href":"https:\/\/finnlandcool.fi\/de\/wp-json\/wp\/v2\/pages\/49","targetHints":{"allow":["GET"]}}],"collection":[{"href":"https:\/\/finnlandcool.fi\/de\/wp-json\/wp\/v2\/pages"}],"about":[{"href":"https:\/\/finnlandcool.fi\/de\/wp-json\/wp\/v2\/types\/page"}],"author":[{"embeddable":true,"href":"https:\/\/finnlandcool.fi\/de\/wp-json\/wp\/v2\/users\/1"}],"replies":[{"embeddable":true,"href":"https:\/\/finnlandcool.fi\/de\/wp-json\/wp\/v2\/comments?post=49"}],"version-history":[{"count":5,"href":"https:\/\/finnlandcool.fi\/de\/wp-json\/wp\/v2\/pages\/49\/revisions"}],"predecessor-version":[{"id":3376,"href":"https:\/\/finnlandcool.fi\/de\/wp-json\/wp\/v2\/pages\/49\/revisions\/3376"}],"wp:attachment":[{"href":"https:\/\/finnlandcool.fi\/de\/wp-json\/wp\/v2\/media?parent=49"}],"curies":[{"name":"wp","href":"https:\/\/api.w.org\/{rel}","templated":true}]}}