{"id":357,"date":"2014-02-21T11:07:38","date_gmt":"2014-02-21T09:07:38","guid":{"rendered":"http:\/\/finnlandcool.fi\/?page_id=357"},"modified":"2014-10-28T17:04:05","modified_gmt":"2014-10-28T14:04:05","slug":"finnland-leipzig","status":"publish","type":"page","link":"https:\/\/finnlandcool.fi\/de\/finnland-leipzig\/","title":{"rendered":"Finnland. Leipzig."},"content":{"rendered":"<p><span style=\"line-height: 1.5em;\">Das finnische Literaturprogramm f\u00fcr die deutschsprachigen L\u00e4nder Europas wird auf der Leipziger Buchmesse, die vom 13. bis 16. M\u00e4rz stattfindet, vorgestellt. Donnerstag, den 13. M\u00e4rz werden wir die FINNLAND. COOL.-Pressekonferenz abhalten und das finnische Literaturprogramm vorstellen. Au\u00dferdem pr\u00e4sentieren wir die Finnland. Cool-Strategie und ein Satellitenprogramm, das durch das Finnlandinstitut in Deutschland koordiniert wird.<\/span><\/p>\n<p>&nbsp;<\/p>\n<p>Die finnischen Autoren, die auf der Leipziger Buchmesse zu Gast sein werden, sind <strong>Hanna Hauru<\/strong>, <strong>Tuomas Kyr\u00f6<\/strong>, <strong>Veronica Lassenius<\/strong>,<strong> Niina Lehtonen Braun<\/strong>,\u00a0<strong>Tomi M\u00e4kel\u00e4<\/strong>,<strong> Aki Ollikainen<\/strong>, <strong>Timo Parvela<\/strong>, <strong>Susanne Ringell, Juhani Seppovaara<\/strong>\u00a0und <strong>Seita Vuorela<\/strong>. Daneben nehmen auch die Comiczeichner <strong>Roope Eronen<\/strong>, <strong>Aino Sutinen<\/strong> und <strong>Ville Tiet\u00e4v\u00e4inen<\/strong>, sowie die \u00dcbersetzer <strong>Elina Kritzokat<\/strong>, <strong>Helen Moster<\/strong> und <strong>Stefan Moster<\/strong> teil.<\/p>\n<p>&nbsp;<\/p>\n<p>Finnland wird zum einen auf einem skandinavischen Gemeinschaftsstand vertreten sein. Zum anderen wird das Finnlandthema durch das Finnland. Cool.-Programm, das in Zusammenarbeit mit der Frankfurter Buchmesse stattfindet, gezeigt. Dies bedeutet, dass so viele finnische B\u00fccher wie noch nie zuvor in Leipzig vorgestellt werden. Die Buchmesse in Leipzig ist, nach der in Frankfurt, die zweitwichtigste Buchmesse in Deutschland und ist in erster Linie eine Publikumsmesse.<\/p>\n","protected":false},"excerpt":{"rendered":"<p>Das finnische Literaturprogramm f\u00fcr die deutschsprachigen L\u00e4nder Europas wird auf der Leipziger Buchmesse, die vom 13. bis 16. M\u00e4rz stattfindet, vorgestellt. Donnerstag, den 13. M\u00e4rz werden wir die FINNLAND. COOL.-Pressekonferenz [&hellip;]<\/p>\n","protected":false},"author":2,"featured_media":0,"parent":0,"menu_order":32,"comment_status":"open","ping_status":"open","template":"","meta":{"_acf_changed":false,"footnotes":""},"class_list":["post-357","page","type-page","status-publish","hentry"],"acf":[],"_links":{"self":[{"href":"https:\/\/finnlandcool.fi\/de\/wp-json\/wp\/v2\/pages\/357","targetHints":{"allow":["GET"]}}],"collection":[{"href":"https:\/\/finnlandcool.fi\/de\/wp-json\/wp\/v2\/pages"}],"about":[{"href":"https:\/\/finnlandcool.fi\/de\/wp-json\/wp\/v2\/types\/page"}],"author":[{"embeddable":true,"href":"https:\/\/finnlandcool.fi\/de\/wp-json\/wp\/v2\/users\/2"}],"replies":[{"embeddable":true,"href":"https:\/\/finnlandcool.fi\/de\/wp-json\/wp\/v2\/comments?post=357"}],"version-history":[{"count":3,"href":"https:\/\/finnlandcool.fi\/de\/wp-json\/wp\/v2\/pages\/357\/revisions"}],"predecessor-version":[{"id":638,"href":"https:\/\/finnlandcool.fi\/de\/wp-json\/wp\/v2\/pages\/357\/revisions\/638"}],"wp:attachment":[{"href":"https:\/\/finnlandcool.fi\/de\/wp-json\/wp\/v2\/media?parent=357"}],"curies":[{"name":"wp","href":"https:\/\/api.w.org\/{rel}","templated":true}]}}